{"id":1496,"date":"2021-05-21T12:06:22","date_gmt":"2021-05-21T12:06:22","guid":{"rendered":"http:\/\/deasisabogados.com\/?page_id=1496"},"modified":"2021-05-27T19:33:28","modified_gmt":"2021-05-27T19:33:28","slug":"about-es","status":"publish","type":"page","link":"https:\/\/deasisabogados.com\/es\/about-es\/","title":{"rendered":"About ES"},"content":{"rendered":"<p><section data-kc-fullwidth=\"row\" class=\"kc-elm kc-css-141852 kc_row\"><div class=\"kc-row-container  kc-container\"><div class=\"kc-wrap-columns\"><div class=\"kc-elm kc-css-356603 kc_col-sm-12 kc_column kc_col-sm-12\"><div class=\"kc-col-container\">    <div class=\"service-area  service-area2  service-area-69de5c2e388e6\">\n      <div class=\"row\">\n                 <div class=\"col-lg-4 col-md-4 col-sm-6 col-xs-6 feature-col\">\n              <div class=\"service-item\">\n                  <div class=\"row\">\n\t\t\t\t\t  <div class=\"grid\">\n\t\t\t\t\t\t  <div class=\"col-lg-3 col-md-3 col-sm-3 col-3  icon-c\">\n\t\t\t\t\t\t\t  <div class=\"service-icon\">\n\t\t\t\t\t\t\t\t  <i class=\"flaticon-lawyer\"><\/i>\n\t\t\t\t\t\t\t  <\/div>\n\t\t\t\t\t\t  <\/div>\n\t\t\t\t\t\t  <div class=\"col-lg-9 col-md-9 col-sm-9 col-9\">\n\t\t\t\t\t\t\t  <div class=\"service-text\">\n\t\t\t\t\t\t\t\t  <span>Cita<\/span>\n\t\t\t\t\t\t\t\t  <h3>Reserve su<\/h3>\n\t\t\t\t\t\t\t  <\/div>\n\t\t\t\t\t\t  <\/div>\n\t\t\t\t\t  <\/div>\n                  <\/div>\n              <\/div>\n          <\/div>\n                    <div class=\"col-lg-4 col-md-4 col-sm-6 col-xs-6 feature-col\">\n              <div class=\"service-item\">\n                  <div class=\"row\">\n\t\t\t\t\t  <div class=\"grid\">\n\t\t\t\t\t\t  <div class=\"col-lg-3 col-md-3 col-sm-3 col-3  icon-c\">\n\t\t\t\t\t\t\t  <div class=\"service-icon\">\n\t\t\t\t\t\t\t\t  <i class=\"flaticon-scale\"><\/i>\n\t\t\t\t\t\t\t  <\/div>\n\t\t\t\t\t\t  <\/div>\n\t\t\t\t\t\t  <div class=\"col-lg-9 col-md-9 col-sm-9 col-9\">\n\t\t\t\t\t\t\t  <div class=\"service-text\">\n\t\t\t\t\t\t\t\t  <span>Asesorando a Clientes<\/span>\n\t\t\t\t\t\t\t\t  <h3>A\u00f1os de experiencia<\/h3>\n\t\t\t\t\t\t\t  <\/div>\n\t\t\t\t\t\t  <\/div>\n\t\t\t\t\t  <\/div>\n                  <\/div>\n              <\/div>\n          <\/div>\n                    <div class=\"col-lg-4 col-md-4 col-sm-6 col-xs-6 feature-col\">\n              <div class=\"service-item\">\n                  <div class=\"row\">\n\t\t\t\t\t  <div class=\"grid\">\n\t\t\t\t\t\t  <div class=\"col-lg-3 col-md-3 col-sm-3 col-3  icon-c\">\n\t\t\t\t\t\t\t  <div class=\"service-icon\">\n\t\t\t\t\t\t\t\t  <i class=\"flaticon-network\"><\/i>\n\t\t\t\t\t\t\t  <\/div>\n\t\t\t\t\t\t  <\/div>\n\t\t\t\t\t\t  <div class=\"col-lg-9 col-md-9 col-sm-9 col-9\">\n\t\t\t\t\t\t\t  <div class=\"service-text\">\n\t\t\t\t\t\t\t\t  <span>Con Nuestros Clientes<\/span>\n\t\t\t\t\t\t\t\t  <h3>Nos comprometemos<\/h3>\n\t\t\t\t\t\t\t  <\/div>\n\t\t\t\t\t\t  <\/div>\n\t\t\t\t\t  <\/div>\n                  <\/div>\n              <\/div>\n          <\/div>\n                  <\/div>\n    <\/div>\n    <\/div><\/div><\/div><\/div><\/section><section class=\"kc-elm kc-css-525242 kc_row\"><div class=\"kc-row-container  kc-container\"><div class=\"kc-wrap-columns\"><div class=\"kc-elm kc-css-944252 kc_col-sm-12 kc_column kc_col-sm-12\"><div class=\"kc-col-container\">  <div class=\"about-section  about-area about-area2  about-section-69de5c2e38d89\">\n    <div class=\"row\">\n           <div class=\"col col-lg-6 col-md-6\">\n            <div class=\"about-title\">\n                <div class=\"img-holder\">\n                    <img src=\"https:\/\/deasisabogados.com\/wp-content\/uploads\/2021\/05\/Teresa_Ines2-scaled-1.jpg\" alt=\"\">\n                <\/div>\n            <\/div>\n        <\/div>\n        <div class=\"col-lg-6 col-md-6\">\n            <div class=\"about-text\">\n                <h2>Asesoramiento legal a su medida<\/h2>\n                <p><p>As\u00eds Abogados es un despacho de abogados contempor\u00e1neo din\u00e1mico y eficiente.\u00a0 Con un equipo de socios con m\u00e1s de 35 a\u00f1os de experiencia, brindamos un asesoramiento personalizado adaptado a sus necesidades. Nos distingue el compromiso con nuestros clientes \u00a0, personas f\u00edsicas o\u00a0 empresas,\u00a0 para defender sus intereses<\/p>\r\n<p>Nuestra fuerza motriz es apoyar a nuestros clientes a trav\u00e9s de sus procesos legales y permitirles alcanzar sus objetivos, ya sean personales o de empresa.<\/p>\r\n<\/p>\n                <div class=\"btns\">\n                    <div class=\"btn-style\"><a href=\"http:\/\/deasisabogados.com\/es\/contacto\/\">M\u00e1s Acerca de Nosotros<\/a><\/div>\n                <\/div>\n                <div class=\"signature\">\n                   <img src=\"\" alt=\"\">\n                <\/div>\n            <\/div>\n        <\/div>\n         <\/div>\n  <\/div>\n  <\/div><\/div><\/div><\/div><\/section><section data-kc-fullwidth=\"row\" class=\"kc-elm kc-css-12609 kc_row\"><div class=\"kc-row-container  kc-container\"><div class=\"kc-wrap-columns\"><div class=\"kc-elm kc-css-440446 kc_col-sm-12 kc_column kc_col-sm-12\"><div class=\"kc-col-container\">  <div class=\"section-title row  section-title-69de5c2e39b67 text-center\">\r\n      <span>Cuente con nuestra experiencia<\/span>\r\n      <h2>\u00c1reas de pr\u00e1ctica<\/h2>\r\n        <\/div>\r\n   <div class=\"kc-elm kc-css-138100 kc_row kc_row_inner\"><div class=\"kc-elm kc-css-493697 kc_col-sm-4 kc_column_inner kc_col-sm-4\"><div class=\"kc_wrapper kc-col-inner-container\"><div class=\"kc-elm kc-css-783507 kc-feature-boxes kc-fb-layout-3\">\n\n\t<div class=\"content-icon\"><i class=\"sl-energy\"><\/i><\/div><div class=\"box-right\"><div class=\"content-title\">Energ\u00eda y Medio Ambiente<\/div><div class=\"content-desc\">Energ\u00eda fotovoltaica, energ\u00eda e\u00f3lica y agua.<br \/><br \/>\r\n<a style=\"color: white;\"href=\"http:\/\/deasisabogados.com\/es\/service\/mediambiente-y-agua\/\"><u>Read More<\/u><\/a><\/div><\/div>\n<\/div>\n<\/div><\/div><div class=\"kc-elm kc-css-497446 kc_col-sm-4 kc_column_inner kc_col-sm-4\"><div class=\"kc_wrapper kc-col-inner-container\"><div class=\"kc-elm kc-css-425245 kc-feature-boxes kc-fb-layout-3\">\n\n\t<div class=\"content-icon\"><i class=\"sl-briefcase\"><\/i><\/div><div class=\"box-right\"><div class=\"content-title\">Derecho Mercantil y Sociedades<\/div><div class=\"content-desc\">Asociaciones. \u00d3rganos de Administraci\u00f3n y Contratos.<br \/><br \/><a style=\"color: white;\"href=\"http:\/\/deasisabogados.com\/es\/service\/derecho-mercantil\/\"><u>Read More<\/u><\/a><\/div><\/div>\n<\/div>\n<\/div><\/div><div class=\"kc-elm kc-css-307768 kc_col-sm-4 kc_column_inner kc_col-sm-4\"><div class=\"kc_wrapper kc-col-inner-container\"><div class=\"kc-elm kc-css-867805 kc-feature-boxes kc-fb-layout-3\">\n\n\t<div class=\"content-icon\"><i class=\"sl-home\"><\/i><\/div><div class=\"box-right\"><div class=\"content-title\">Inmobiliario y Urbanismo<\/div><div class=\"content-desc\">Propiedades, Arrendamientos, Expropiaciones.<br \/><br \/><a style=\"color: white;\"href=\"http:\/\/deasisabogados.com\/es\/service\/derecho-urbanistico-e-inmobiliario\/\"><u>Read More<\/u><\/a><\/div><\/div>\n<\/div>\n<\/div><\/div><\/div><div class=\"kc-elm kc-css-67562 kc_row kc_row_inner\"><div class=\"kc-elm kc-css-67975 kc_col-sm-4 kc_column_inner kc_col-sm-4\"><div class=\"kc_wrapper kc-col-inner-container\"><div class=\"kc-elm kc-css-23154 kc-feature-boxes kc-fb-layout-3\">\n\n\t<div class=\"content-icon\"><i class=\"fa-balance-scale\"><\/i><\/div><div class=\"box-right\"><div class=\"content-title\">Juicios<\/div><div class=\"content-desc\">Defensa de nuestros clientes en tribunales.<br \/><br \/><a style=\"color: white;\"href=\"http:\/\/deasisabogados.com\/es\/service\/derecho-procesal-litigacion-y-arbitraje\/\"><u>Read More<\/u><\/a><\/div><\/div>\n<\/div>\n<\/div><\/div><div class=\"kc-elm kc-css-384514 kc_col-sm-4 kc_column_inner kc_col-sm-4\"><div class=\"kc_wrapper kc-col-inner-container\"><div class=\"kc-elm kc-css-489651 kc-feature-boxes kc-fb-layout-3\">\n\n\t<div class=\"content-icon\"><i class=\"fa-users\"><\/i><\/div><div class=\"box-right\"><div class=\"content-title\">Familia y Sucesiones<\/div><div class=\"content-desc\">Testamentos, separaciones, divorcios y cuestiones econ\u00f3micas.<br \/><br \/><a style=\"color: white;\"href=\"http:\/\/deasisabogados.com\/es\/service\/familia-y-sucesiones\/\"><u>Read More<\/u><\/a><\/div><\/div>\n<\/div>\n<\/div><\/div><div class=\"kc-elm kc-css-25368 kc_col-sm-4 kc_column_inner kc_col-sm-4\"><div class=\"kc_wrapper kc-col-inner-container\"><div class=\"kc-elm kc-css-38462 kc-feature-boxes kc-fb-layout-3\">\n\n\t<div class=\"content-icon\"><i class=\"et-pencil\"><\/i><\/div><div class=\"box-right\"><div class=\"content-title\">Contratos<\/div><div class=\"content-desc\">Contratos entre particulares y entre empresas.<br \/><br \/><a style=\"color: white;\"href=\"http:\/\/deasisabogados.com\/es\/service\/contratos\/\"><u>Read More<\/u><\/a><\/div><\/div>\n<\/div>\n<\/div><\/div><\/div><\/div><\/div><\/div><\/div><\/section><section class=\"kc-elm kc-css-400881 kc_row\"><div class=\"kc-row-container  kc-container\"><div class=\"kc-wrap-columns\"><div class=\"kc-elm kc-css-18806 kc_col-sm-12 kc_column kc_col-sm-12\"><div class=\"kc-col-container\"><div class=\"kc-elm kc-css-329632\" style=\"height: 49px; clear: both; width:100%;\"><\/div>  <div class=\"section-title row  section-title-69de5c2e3b4c6 text-center\">\r\n      <span>Elija seg\u00fan sus necesidades<\/span>\r\n      <h2>Planes legales<\/h2>\r\n        <\/div>\r\n       <div class=\"prising-area  prising-area-69de5c2e3b576\">\r\n        <div class=\"row\">\r\n                       <div class=\"col-lg-4 col-md-6 col-sm-12\">\r\n                <div class=\"pricing-item\">\r\n                    <div class=\"pricing-icon\">\r\n                        <i class=\"flaticon-scale\"><\/i>\r\n                        <span>Plan personal<\/span>\r\n                    <\/div>\r\n                    <div class=\"pricing-text\">\r\n                        <h2><span><\/span><\/h2>\r\n                        <p><p>Servicios de asesor\u00eda legal para individuos y sus familias que necesitan ayuda legal en un n\u00famero ilimitado de asuntos personales o profesionales.<\/p>\r\n<\/p>         \r\n                        <div class=\"btns text-center\">\r\n                            <div class=\"btn-style\">\r\n                                <a href=\"https:\/\/deasisabogados.com\/es\/contacto\/\">\r\n                                  Empezar                                <\/a>\r\n                            <\/div>\r\n                        <\/div>\r\n                    <\/div>\r\n                <\/div>\r\n            <\/div>\r\n                       <div class=\"col-lg-4 col-md-6 col-sm-12\">\r\n                <div class=\"pricing-item\">\r\n                    <div class=\"pricing-icon\">\r\n                        <i class=\"flaticon-scale\"><\/i>\r\n                        <span>Plan para Pymes<\/span>\r\n                    <\/div>\r\n                    <div class=\"pricing-text\">\r\n                        <h2><span><\/span><\/h2>\r\n                        <p><p>Servicios legales para peque\u00f1as empresas y startups. Asesoramiento legal, documentaci\u00f3n, contratos y disputas.<\/p>\r\n<\/p>         \r\n                        <div class=\"btns text-center\">\r\n                            <div class=\"btn-style\">\r\n                                <a href=\"https:\/\/deasisabogados.com\/es\/contacto\/\">\r\n                                  Empezar                                <\/a>\r\n                            <\/div>\r\n                        <\/div>\r\n                    <\/div>\r\n                <\/div>\r\n            <\/div>\r\n                       <div class=\"col-lg-4 col-md-6 col-sm-12\">\r\n                <div class=\"pricing-item\">\r\n                    <div class=\"pricing-icon\">\r\n                        <i class=\"flaticon-scale\"><\/i>\r\n                        <span>Plan Corporativo<\/span>\r\n                    <\/div>\r\n                    <div class=\"pricing-text\">\r\n                        <h2><span><\/span><\/h2>\r\n                        <p><p>Servicios legales para grandes empresas. Asesoramiento ilimitado, redacci\u00f3n de documentos, disputas, contratos comerciales, pol\u00edticas y procedimientos.<\/p>\r\n<\/p>         \r\n                        <div class=\"btns text-center\">\r\n                            <div class=\"btn-style\">\r\n                                <a href=\"https:\/\/deasisabogados.com\/es\/contacto\/\">\r\n                                  Empezar                                <\/a>\r\n                            <\/div>\r\n                        <\/div>\r\n                    <\/div>\r\n                <\/div>\r\n            <\/div>\r\n                   <\/div>\r\n    <\/div>\r\n    <\/div><\/div><\/div><\/div><\/section><section data-kc-fullwidth=\"row\" class=\"kc-elm kc-css-400628 kc_row\"><div class=\"kc-row-container  kc-container\"><div class=\"kc-wrap-columns\"><div class=\"kc-elm kc-css-480892 kc_col-sm-12 kc_column kc_col-sm-12\"><div class=\"kc-col-container\">  <div class=\"section-title row  section-title-69de5c2e3bde5 text-center\">\r\n      <span>Latest News<\/span>\r\n      <h2>From Our Blog<\/h2>\r\n        <\/div>\r\n   <\/div><\/div><\/div><\/div><\/section><\/p>","protected":false},"excerpt":{"rendered":"","protected":false},"author":2,"featured_media":0,"parent":0,"menu_order":0,"comment_status":"closed","ping_status":"closed","template":"","meta":[],"_links":{"self":[{"href":"https:\/\/deasisabogados.com\/es\/wp-json\/wp\/v2\/pages\/1496"}],"collection":[{"href":"https:\/\/deasisabogados.com\/es\/wp-json\/wp\/v2\/pages"}],"about":[{"href":"https:\/\/deasisabogados.com\/es\/wp-json\/wp\/v2\/types\/page"}],"author":[{"embeddable":true,"href":"https:\/\/deasisabogados.com\/es\/wp-json\/wp\/v2\/users\/2"}],"replies":[{"embeddable":true,"href":"https:\/\/deasisabogados.com\/es\/wp-json\/wp\/v2\/comments?post=1496"}],"version-history":[{"count":36,"href":"https:\/\/deasisabogados.com\/es\/wp-json\/wp\/v2\/pages\/1496\/revisions"}],"predecessor-version":[{"id":1845,"href":"https:\/\/deasisabogados.com\/es\/wp-json\/wp\/v2\/pages\/1496\/revisions\/1845"}],"wp:attachment":[{"href":"https:\/\/deasisabogados.com\/es\/wp-json\/wp\/v2\/media?parent=1496"}],"curies":[{"name":"wp","href":"https:\/\/api.w.org\/{rel}","templated":true}]}}