{"id":1533,"date":"2021-05-21T13:43:42","date_gmt":"2021-05-21T13:43:42","guid":{"rendered":"http:\/\/deasisabogados.com\/?page_id=1533"},"modified":"2021-05-27T19:35:05","modified_gmt":"2021-05-27T19:35:05","slug":"practice-area-es","status":"publish","type":"page","link":"https:\/\/deasisabogados.com\/es\/practice-area-es\/","title":{"rendered":"Practice Area ES"},"content":{"rendered":"<p><section data-kc-fullwidth=\"row\" class=\"kc-elm kc-css-301690 kc_row\"><div class=\"kc-row-container  kc-container\"><div class=\"kc-wrap-columns\"><div class=\"kc-elm kc-css-233829 kc_col-sm-12 kc_column kc_col-sm-12\"><div class=\"kc-col-container\">    <div class=\"service-area  service-area2  service-area-69eefe926bb55\">\n      <div class=\"row\">\n                 <div class=\"col-lg-4 col-md-4 col-sm-6 col-xs-6 feature-col\">\n              <div class=\"service-item\">\n                  <div class=\"row\">\n\t\t\t\t\t  <div class=\"grid\">\n\t\t\t\t\t\t  <div class=\"col-lg-3 col-md-3 col-sm-3 col-3  icon-c\">\n\t\t\t\t\t\t\t  <div class=\"service-icon\">\n\t\t\t\t\t\t\t\t  <i class=\"fi flaticon-lawyer\"><\/i>\n\t\t\t\t\t\t\t  <\/div>\n\t\t\t\t\t\t  <\/div>\n\t\t\t\t\t\t  <div class=\"col-lg-9 col-md-9 col-sm-9 col-9\">\n\t\t\t\t\t\t\t  <div class=\"service-text\">\n\t\t\t\t\t\t\t\t  <span>Reserve su<\/span>\n\t\t\t\t\t\t\t\t  <h3>Cita<\/h3>\n\t\t\t\t\t\t\t  <\/div>\n\t\t\t\t\t\t  <\/div>\n\t\t\t\t\t  <\/div>\n                  <\/div>\n              <\/div>\n          <\/div>\n                    <div class=\"col-lg-4 col-md-4 col-sm-6 col-xs-6 feature-col\">\n              <div class=\"service-item\">\n                  <div class=\"row\">\n\t\t\t\t\t  <div class=\"grid\">\n\t\t\t\t\t\t  <div class=\"col-lg-3 col-md-3 col-sm-3 col-3  icon-c\">\n\t\t\t\t\t\t\t  <div class=\"service-icon\">\n\t\t\t\t\t\t\t\t  <i class=\"fi flaticon-scale\"><\/i>\n\t\t\t\t\t\t\t  <\/div>\n\t\t\t\t\t\t  <\/div>\n\t\t\t\t\t\t  <div class=\"col-lg-9 col-md-9 col-sm-9 col-9\">\n\t\t\t\t\t\t\t  <div class=\"service-text\">\n\t\t\t\t\t\t\t\t  <span>Asesorando a Clientes<\/span>\n\t\t\t\t\t\t\t\t  <h3>A\u00f1os de experiencia<\/h3>\n\t\t\t\t\t\t\t  <\/div>\n\t\t\t\t\t\t  <\/div>\n\t\t\t\t\t  <\/div>\n                  <\/div>\n              <\/div>\n          <\/div>\n                    <div class=\"col-lg-4 col-md-4 col-sm-6 col-xs-6 feature-col\">\n              <div class=\"service-item\">\n                  <div class=\"row\">\n\t\t\t\t\t  <div class=\"grid\">\n\t\t\t\t\t\t  <div class=\"col-lg-3 col-md-3 col-sm-3 col-3  icon-c\">\n\t\t\t\t\t\t\t  <div class=\"service-icon\">\n\t\t\t\t\t\t\t\t  <i class=\"fi flaticon-network\"><\/i>\n\t\t\t\t\t\t\t  <\/div>\n\t\t\t\t\t\t  <\/div>\n\t\t\t\t\t\t  <div class=\"col-lg-9 col-md-9 col-sm-9 col-9\">\n\t\t\t\t\t\t\t  <div class=\"service-text\">\n\t\t\t\t\t\t\t\t  <span>Con Nuestros Clientes<\/span>\n\t\t\t\t\t\t\t\t  <h3>Nos comprometemos<\/h3>\n\t\t\t\t\t\t\t  <\/div>\n\t\t\t\t\t\t  <\/div>\n\t\t\t\t\t  <\/div>\n                  <\/div>\n              <\/div>\n          <\/div>\n                  <\/div>\n    <\/div>\n    <\/div><\/div><\/div><\/div><\/section><section data-kc-fullwidth=\"row\" class=\"kc-elm kc-css-565255 kc_row\"><div class=\"kc-row-container  kc-container\"><div class=\"kc-wrap-columns\"><div class=\"kc-elm kc-css-267013 kc_col-sm-12 kc_column kc_col-sm-12\"><div class=\"kc-col-container\">  <div class=\"section-title row  section-title-69eefe926bf78 text-center\">\r\n      <span>Te ayudamos en las siguientes<\/span>\r\n      <h2>\u00c1REAS DE PR\u00c1CTICA<\/h2>\r\n        <\/div>\r\n   <div data-kc-equalheight=\"true\" data-kc-row-action=\"true\" data-kc-equalheight-align=\"middle\" class=\"kc-elm kc-css-333792 kc_row kc_row_inner practice-area\"><div class=\"kc-elm kc-css-31361 kc_col-sm-4 kc_column_inner kc_col-sm-4\"><div class=\"kc_wrapper kc-col-inner-container\"><div class=\"kc-elm kc-css-517855 kc-feature-boxes kc-fb-layout-1 P-box\">\n\n\t<div class=\"content-icon\"><i class=\"et-pencil\"><\/i><\/div><div class=\"content-title\">CONTRATOS<\/div><div class=\"content-desc\">Redacci\u00f3n y revisi\u00f3n de todo tipo de contratos como mercantiles, civiles, administrativos y laborales.<\/div><div class=\"content-button\"><a href=\"http:\/\/deasisabogados.com\/es\/service\/contratos\/\" target=\"_self\" title=\"FAMILIA Y SUCESIONES\">Read more<\/a><\/div>\n<\/div>\n<\/div><\/div><div class=\"kc-elm kc-css-461601 kc_col-sm-4 kc_column_inner kc_col-sm-4\"><div class=\"kc_wrapper kc-col-inner-container\"><div class=\"kc-elm kc-css-869248 kc-feature-boxes kc-fb-layout-1 P-box\">\n\n\t<div class=\"content-icon\"><i class=\"et-briefcase\"><\/i><\/div><div class=\"content-title\">DERECHO MERECANTIL<\/div><div class=\"content-desc\">Sociedades de capital y familiares. Consejo de Administraci\u00f3n. Propiedad Intelectual. Patentes y Marcas y Publicidad.<\/div><div class=\"content-button\"><a href=\"http:\/\/deasisabogados.com\/es\/service\/derecho-mercantil\/\" target=\"_self\" title=\"DERECHO MERCANTIL\">Read more<\/a><\/div>\n<\/div>\n<\/div><\/div><div class=\"kc-elm kc-css-887312 kc_col-sm-4 kc_column_inner kc_col-sm-4\"><div class=\"kc_wrapper kc-col-inner-container\"><div class=\"kc-elm kc-css-978694 kc-feature-boxes kc-fb-layout-1 P-box\">\n\n\t<div class=\"content-icon\"><i class=\"fa-hands-helping\"><\/i><\/div><div class=\"content-title\">ASOCIACIONES<\/div><div class=\"content-desc\">Asesoramiento en todos los \u00e1mbitos de su actividad y a sus \u00f3rganos de Administraci\u00f3n.<\/div><div class=\"content-button\"><a href=\"http:\/\/deasisabogados.com\/es\/service\/asociaciones-fundaciones\/\" target=\"_self\" title=\"ASOCIACIONES & FUNDACIONES\">Read more<\/a><\/div>\n<\/div>\n<\/div><\/div><\/div><div class=\"kc-elm kc-css-718800 kc_row kc_row_inner practice-area\"><div class=\"kc-elm kc-css-781437 kc_col-sm-4 kc_column_inner kc_col-sm-4\"><div class=\"kc_wrapper kc-col-inner-container\"><div class=\"kc-elm kc-css-198185 kc-feature-boxes kc-fb-layout-1 P-box\">\n\n\t<div class=\"content-icon\"><i class=\"fa-users\"><\/i><\/div><div class=\"content-title\">FAMILIA Y SUCESIONES<\/div><div class=\"content-desc\">Herencias. Separaciones, Divorcios y Nulidades Eclesi\u00e1stica. Medidas Paternofiliales. Cuestiones econ\u00f3micas.<\/div><div class=\"content-button\"><a href=\"http:\/\/deasisabogados.com\/es\/service\/familia-y-sucesiones\/\" target=\"_self\" title=\"FAMILIA Y SUCESIONES\">Read more<\/a><\/div>\n<\/div>\n<\/div><\/div><div class=\"kc-elm kc-css-38812 kc_col-sm-4 kc_column_inner kc_col-sm-4\"><div class=\"kc_wrapper kc-col-inner-container\"><div class=\"kc-elm kc-css-778554 kc-feature-boxes kc-fb-layout-1 P-box\">\n\n\t<div class=\"content-icon\"><i class=\"fa-building\"><\/i><\/div><div class=\"content-title\">PROPIEDAD Y ARRENDAMIENTOS<\/div><div class=\"content-desc\">Asesoramiento a empresas y particulares sobre cuestiones de propiedad y arrendamientos.<\/div><div class=\"content-button\"><a href=\"http:\/\/deasisabogados.com\/es\/service\/propiedad-horizontal-y-arrendamienntos\/\" target=\"_self\" title=\"Propiedad Horizontal y Arrendamienntos\">Read more<\/a><\/div>\n<\/div>\n<\/div><\/div><div class=\"kc-elm kc-css-401403 kc_col-sm-4 kc_column_inner kc_col-sm-4\"><div class=\"kc_wrapper kc-col-inner-container\"><div class=\"kc-elm kc-css-947836 kc-feature-boxes kc-fb-layout-1 P-box\">\n\n\t<div class=\"content-icon\"><i class=\"fa-money-bill-alt\"><\/i><\/div><div class=\"content-title\">DERECHO FISCAL Y TRIBUTARIO<\/div><div class=\"content-desc\">Asesoramiento y defensa en tribunales a particulares y empresas.<\/div><div class=\"content-button\"><a href=\"http:\/\/deasisabogados.com\/es\/service\/derecho-fiscal-y-tributario\/\" target=\"_self\" title=\"Derecho Fiscal y Tributario\">Read more<\/a><\/div>\n<\/div>\n<\/div><\/div><\/div><div class=\"kc-elm kc-css-95758 kc_row kc_row_inner practice-area\"><div class=\"kc-elm kc-css-11520 kc_col-sm-4 kc_column_inner kc_col-sm-4\"><div class=\"kc_wrapper kc-col-inner-container\"><div class=\"kc-elm kc-css-243070 kc-feature-boxes kc-fb-layout-1 P-box\">\n\n\t<div class=\"content-icon\"><i class=\"flaticon-lawyer\"><\/i><\/div><div class=\"content-title\">ADMINISTRATIVO<\/div><div class=\"content-desc\">Expedientes administrativos. Responsabilidad Patrimonial y Procedimientos contencioso-administrativos.<\/div><div class=\"content-button\"><a href=\"http:\/\/deasisabogados.com\/es\/service\/derecho-administrativo\/\" target=\"_self\" title=\"Derecho Administrativo\">Read more<\/a><\/div>\n<\/div>\n<\/div><\/div><div class=\"kc-elm kc-css-546697 kc_col-sm-4 kc_column_inner kc_col-sm-4\"><div class=\"kc_wrapper kc-col-inner-container\"><div class=\"kc-elm kc-css-30391 kc-feature-boxes kc-fb-layout-1 P-box\">\n\n\t<div class=\"content-icon\"><i class=\"fab-envira\"><\/i><\/div><div class=\"content-title\">MEDIO AMBIENTE Y ENERGIA<\/div><div class=\"content-desc\">Asesoramiento y Contratos a empresas y particulares.<\/div><div class=\"content-button\"><a href=\"http:\/\/deasisabogados.com\/es\/service\/mediambiente-y-agua\/\" target=\"_self\" title=\"Mediambiente y Agua\">Read more<\/a><\/div>\n<\/div>\n<\/div><\/div><div class=\"kc-elm kc-css-767419 kc_col-sm-4 kc_column_inner kc_col-sm-4\"><div class=\"kc_wrapper kc-col-inner-container\"><div class=\"kc-elm kc-css-348537 kc-feature-boxes kc-fb-layout-1 P-box\">\n\n\t<div class=\"content-icon\"><i class=\"sl-home\"><\/i><\/div><div class=\"content-title\">PROPIEDAD<\/div><div class=\"content-desc\">Asesoramiento global en material de Propiedad, incluyendo residencial y comercial.<\/div><div class=\"content-button\"><a href=\"http:\/\/deasisabogados.com\/es\/service\/derecho-urbanistico-e-inmobiliario\/\" target=\"_self\" title=\"Derecho Urban\u00edstico e Inmobiliario\">Read more<\/a><\/div>\n<\/div>\n<\/div><\/div><\/div><div class=\"kc-elm kc-css-286742 kc_row kc_row_inner practice-area\"><div class=\"kc-elm kc-css-94780 kc_col-sm-4 kc_column_inner kc_col-sm-4\"><div class=\"kc_wrapper kc-col-inner-container\"><div class=\"kc-elm kc-css-340036 kc-feature-boxes kc-fb-layout-1 P-box\">\n\n\t<div class=\"content-icon\"><i class=\"fa-hand-pointer\"><\/i><\/div><div class=\"content-title\">DERECHOS FUNDAMENTALES<\/div><div class=\"content-desc\">Honor, intimidad e imagen. Libertad de expresi\u00f3n y Libertad de Informaci\u00f3n.<\/div><div class=\"content-button\"><a href=\"http:\/\/deasisabogados.com\/es\/service\/derechos-fundamentales\/\" target=\"_self\" title=\"Derechos Fundamentales\">Read more<\/a><\/div>\n<\/div>\n<\/div><\/div><div class=\"kc-elm kc-css-318149 kc_col-sm-4 kc_column_inner kc_col-sm-4\"><div class=\"kc_wrapper kc-col-inner-container\"><div class=\"kc-elm kc-css-353985 kc-feature-boxes kc-fb-layout-1 P-box\">\n\n\t<div class=\"content-icon\"><i class=\"et-paintbrush\"><\/i><\/div><div class=\"content-title\">ARTE Y PATRIMONIO<\/div><div class=\"content-desc\">Contratos de arte y patrimonio. Mecenazgo.<\/div><div class=\"content-button\"><a href=\"http:\/\/deasisabogados.com\/es\/service\/arte-y-patrimonio\/\" target=\"_self\" title=\"Arte y Patrimonio\">Read more<\/a><\/div>\n<\/div>\n<\/div><\/div><div class=\"kc-elm kc-css-47191 kc_col-sm-4 kc_column_inner kc_col-sm-4\"><div class=\"kc_wrapper kc-col-inner-container\"><div class=\"kc-elm kc-css-468414 kc-feature-boxes kc-fb-layout-1 P-box\">\n\n\t<div class=\"content-icon\"><i class=\"flaticon-scale\"><\/i><\/div><div class=\"content-title\">PROCESAL<\/div><div class=\"content-desc\">Defensa en Tribunales y Arbitraje.<\/div><div class=\"content-button\"><a href=\"http:\/\/deasisabogados.com\/es\/service\/derecho-procesal-litigacion-y-arbitraje\/\" target=\"_self\" title=\"Derecho Procesal, Litigaci\u00f3n y Arbitraje\">Read more<\/a><\/div>\n<\/div>\n<\/div><\/div><\/div><div class=\"kc-elm kc-css-61064 kc_row kc_row_inner practice-area\"><div class=\"kc-elm kc-css-825337 kc_col-sm-4 kc_column_inner kc_col-sm-4\"><div class=\"kc_wrapper kc-col-inner-container\"><\/div><\/div><div class=\"kc-elm kc-css-521070 kc_col-sm-4 kc_column_inner kc_col-sm-4\"><div class=\"kc_wrapper kc-col-inner-container\"><div class=\"kc-elm kc-css-754763 kc-feature-boxes kc-fb-layout-1 P-box\">\n\n\t<div class=\"content-icon\"><i class=\"fa-chart-area\"><\/i><\/div><div class=\"content-title\">Otras \u00c1reas<\/div><div class=\"content-desc\">Asesoramiento en materia laboral, penal, juego y vitivin\u00edcola.<\/div><div class=\"content-button\"><a href=\"http:\/\/deasisabogados.com\/es\/service\/otras-areas\/\" target=\"_self\" title=\"Otras  \u00c1reas\">Read more<\/a><\/div>\n<\/div>\n<\/div><\/div><div class=\"kc-elm kc-css-257337 kc_col-sm-4 kc_column_inner kc_col-sm-4\"><div class=\"kc_wrapper kc-col-inner-container\"><\/div><\/div><\/div><\/div><\/div><\/div><\/div><\/section><section data-kc-fullwidth=\"row\" class=\"kc-elm kc-css-187091 kc_row\"><div class=\"kc-row-container  kc-container\"><div class=\"kc-wrap-columns\"><div class=\"kc-elm kc-css-969770 kc_col-sm-12 kc_column kc_col-sm-12\"><div class=\"kc-col-container\">  <div class=\"section-title row  section-title-69eefe926e4e5 text-center\">\r\n      <span>Elija seg\u00fan sus necesidades<\/span>\r\n      <h2>Planes legales<\/h2>\r\n        <\/div>\r\n       <div class=\"prising-area  prising-area-69eefe926e56e\">\r\n        <div class=\"row\">\r\n                       <div class=\"col-lg-4 col-md-6 col-sm-12\">\r\n                <div class=\"pricing-item\">\r\n                    <div class=\"pricing-icon\">\r\n                        <i class=\"flaticon-scale\"><\/i>\r\n                        <span>Plan personal<\/span>\r\n                    <\/div>\r\n                    <div class=\"pricing-text\">\r\n                        <h2><span><\/span><\/h2>\r\n                        <p><p>Servicios de asesor\u00eda legal para individuos y sus familias que necesitan ayuda legal en un n\u00famero ilimitado de asuntos personales o profesionales.<\/p>\r\n<\/p>         \r\n                        <div class=\"btns text-center\">\r\n                            <div class=\"btn-style\">\r\n                                <a href=\"https:\/\/deasisabogados.com\/es\/contacto\/\">\r\n                                  Empezar                                <\/a>\r\n                            <\/div>\r\n                        <\/div>\r\n                    <\/div>\r\n                <\/div>\r\n            <\/div>\r\n                       <div class=\"col-lg-4 col-md-6 col-sm-12\">\r\n                <div class=\"pricing-item\">\r\n                    <div class=\"pricing-icon\">\r\n                        <i class=\"flaticon-scale\"><\/i>\r\n                        <span>Plan para Pymes<\/span>\r\n                    <\/div>\r\n                    <div class=\"pricing-text\">\r\n                        <h2><span><\/span><\/h2>\r\n                        <p><p>Servicios legales para peque\u00f1as empresas y startups. Asesoramiento legal, documentaci\u00f3n, contratos y disputas.<\/p>\r\n<\/p>         \r\n                        <div class=\"btns text-center\">\r\n                            <div class=\"btn-style\">\r\n                                <a href=\"https:\/\/deasisabogados.com\/es\/contacto\/\">\r\n                                  Empezar                                <\/a>\r\n                            <\/div>\r\n                        <\/div>\r\n                    <\/div>\r\n                <\/div>\r\n            <\/div>\r\n                       <div class=\"col-lg-4 col-md-6 col-sm-12\">\r\n                <div class=\"pricing-item\">\r\n                    <div class=\"pricing-icon\">\r\n                        <i class=\"flaticon-scale\"><\/i>\r\n                        <span>Plan Corporativo<\/span>\r\n                    <\/div>\r\n                    <div class=\"pricing-text\">\r\n                        <h2><span><\/span><\/h2>\r\n                        <p><p>Servicios legales para grandes empresas. Asesoramiento ilimitado, redacci\u00f3n de documentos, disputas, contratos comerciales, pol\u00edticas y procedimientos.<\/p>\r\n<\/p>         \r\n                        <div class=\"btns text-center\">\r\n                            <div class=\"btn-style\">\r\n                                <a href=\"https:\/\/deasisabogados.com\/es\/contacto\/\">\r\n                                  Empezar                                <\/a>\r\n                            <\/div>\r\n                        <\/div>\r\n                    <\/div>\r\n                <\/div>\r\n            <\/div>\r\n                   <\/div>\r\n    <\/div>\r\n    <\/div><\/div><\/div><\/div><\/section><section data-kc-fullwidth=\"row\" class=\"kc-elm kc-css-418453 kc_row\"><div class=\"kc-row-container  kc-container\"><div class=\"kc-wrap-columns\"><div class=\"kc-elm kc-css-42754 kc_col-sm-12 kc_column kc_col-sm-12\"><div class=\"kc-col-container\"><div class=\"kc-elm kc-css-112643 kc-raw-code\"><script>(function() {\n\twindow.mc4wp = window.mc4wp || {\n\t\tlisteners: [],\n\t\tforms: {\n\t\t\ton: function(evt, cb) {\n\t\t\t\twindow.mc4wp.listeners.push(\n\t\t\t\t\t{\n\t\t\t\t\t\tevent   : evt,\n\t\t\t\t\t\tcallback: cb\n\t\t\t\t\t}\n\t\t\t\t);\n\t\t\t}\n\t\t}\n\t}\n})();\n<\/script><!-- Mailchimp for WordPress v4.8.4 - https:\/\/wordpress.org\/plugins\/mailchimp-for-wp\/ --><form id=\"mc4wp-form-1\" class=\"mc4wp-form mc4wp-form-199\" method=\"post\" data-id=\"199\" data-name=\"theme-subscribe\" action=\"\" ><div class=\"mc4wp-form-fields\"><section class=\"social-newsletter-section\">\r\n    <div class=\"row\">\r\n        <div class=\"col-lg-12\">\r\n            <div class=\"newsletter text-center\">\r\n                <h3>Suscr\u00edbete a nuestra newsletter<\/h3>\r\n                <div class=\"newsletter-form\">\r\n                    \r\n                        <input type=\"text\" class=\"form-control\" placeholder=\"Introduce tu correo electr\u00f3nico\">\r\n                        <button type=\"submit\">Enviar<\/button>\r\n                    \r\n                <\/div>\r\n            <\/div>\r\n        <\/div>\r\n    <\/div>\r\n<\/section><\/div><label style=\"display: none !important;\">Deja vac\u00edo este campo si eres humano: <input type=\"text\" name=\"_mc4wp_honeypot\" value=\"\" tabindex=\"-1\" autocomplete=\"off\" \/><\/label><input type=\"hidden\" name=\"_mc4wp_timestamp\" value=\"1777270418\" \/><input type=\"hidden\" name=\"_mc4wp_form_id\" value=\"199\" \/><input type=\"hidden\" name=\"_mc4wp_form_element_id\" value=\"mc4wp-form-1\" \/><div class=\"mc4wp-response\"><\/div><input type=\"hidden\" name=\"trp-form-language\" value=\"es\"\/><\/form><!-- \/ Mailchimp for WordPress Plugin --><\/div><\/div><\/div><\/div><\/div><\/section><\/p>","protected":false},"excerpt":{"rendered":"","protected":false},"author":2,"featured_media":0,"parent":0,"menu_order":0,"comment_status":"closed","ping_status":"closed","template":"","meta":[],"_links":{"self":[{"href":"https:\/\/deasisabogados.com\/es\/wp-json\/wp\/v2\/pages\/1533"}],"collection":[{"href":"https:\/\/deasisabogados.com\/es\/wp-json\/wp\/v2\/pages"}],"about":[{"href":"https:\/\/deasisabogados.com\/es\/wp-json\/wp\/v2\/types\/page"}],"author":[{"embeddable":true,"href":"https:\/\/deasisabogados.com\/es\/wp-json\/wp\/v2\/users\/2"}],"replies":[{"embeddable":true,"href":"https:\/\/deasisabogados.com\/es\/wp-json\/wp\/v2\/comments?post=1533"}],"version-history":[{"count":29,"href":"https:\/\/deasisabogados.com\/es\/wp-json\/wp\/v2\/pages\/1533\/revisions"}],"predecessor-version":[{"id":1847,"href":"https:\/\/deasisabogados.com\/es\/wp-json\/wp\/v2\/pages\/1533\/revisions\/1847"}],"wp:attachment":[{"href":"https:\/\/deasisabogados.com\/es\/wp-json\/wp\/v2\/media?parent=1533"}],"curies":[{"name":"wp","href":"https:\/\/api.w.org\/{rel}","templated":true}]}}